{"id":17689,"date":"2025-03-03T13:37:37","date_gmt":"2025-03-03T18:37:37","guid":{"rendered":"https:\/\/alterna-l6s.com\/une-equipe-decentralisee\/"},"modified":"2025-04-24T16:02:35","modified_gmt":"2025-04-24T20:02:35","slug":"a-decentralized-team","status":"publish","type":"page","link":"https:\/\/alterna-l6s.com\/en\/a-decentralized-team\/","title":{"rendered":"A Decentralized Team"},"content":{"rendered":"<div class=\"wpb-content-wrapper\"><p>[vc_row css_animation=&#8221;&#8221; row_type=&#8221;row&#8221; use_row_as_full_screen_section=&#8221;yes&#8221; type=&#8221;grid&#8221; angled_section=&#8221;no&#8221; text_align=&#8221;left&#8221; background_image_as_pattern=&#8221;without_pattern&#8221; z_index=&#8221;&#8221;][vc_column]\n\t\t\t<!-- START Une \u00e9quipe d\u00e9centralis\u00e9e REVOLUTION SLIDER 6.6.12 --><p class=\"rs-p-wp-fix\"><\/p>\n\t\t\t<rs-module-wrap id=\"rev_slider_12_1_wrapper\" data-source=\"gallery\" style=\"visibility:hidden;background:transparent;padding:0;margin:0px auto;margin-top:0;margin-bottom:0;\">\n\t\t\t\t<rs-module id=\"rev_slider_12_1\" style=\"\" data-version=\"6.6.12\">\n\t\t\t\t\t<rs-slides style=\"overflow: hidden; position: absolute;\">\n\t\t\t\t\t\t<rs-slide style=\"position: absolute;\" data-key=\"rs-42\" data-title=\"Slide\" data-anim=\"ms:10;\" data-in=\"o:1;\" data-out=\"a:false;\">\n\t\t\t\t\t\t\t<img decoding=\"async\" src=\"\/\/alterna-l6s.com\/wp-content\/plugins\/revslider\/public\/assets\/assets\/dummy.png\" alt=\"Innovations - Une \u00e9quipe d\u00e9centralis\u00e9\" title=\"Innovations &#8211; Une \u00e9quipe d\u00e9centralis\u00e9\" width=\"1920\" height=\"1080\" class=\"rev-slidebg tp-rs-img rs-lazyload\" data-lazyload=\"\/\/alterna-l6s.com\/wp-content\/uploads\/revslider\/video-media\/shutterstock_1097384643_12.jpeg\" data-no-retina>\n\t\t\t\t\t\t\t<rs-bgvideo \n\t\t\t\t\t\t\t\tdata-video=\"vc:none;w:100%;h:100%;nse:false;l:true;ptimer:false;\"\n\t\t\t\t\t\t\t\tdata-vimeoid=\"1073920901\"\n\t\t\t\t\t\t\t\tdata-vatr=\"background=1&amp;title=0&amp;byline=0&amp;portrait=0&amp;api=1\"\n\t\t\t\t\t\t\t><\/rs-bgvideo>\n<!--\n\t\t\t\t\t\t\t--><rs-layer\n\t\t\t\t\t\t\t\tid=\"slider-12-slide-42-layer-0\" \n\t\t\t\t\t\t\t\tdata-type=\"text\"\n\t\t\t\t\t\t\t\tdata-rsp_ch=\"on\"\n\t\t\t\t\t\t\t\tdata-xy=\"xo:80px,66px,50px,30px;y:m;yo:-81px,-66px,-102px,-58px;\"\n\t\t\t\t\t\t\t\tdata-text=\"w:normal;s:60,49,50,35;l:80,66,50,35;ls:7,5,6px,6px;fw:600,600,600,500;\"\n\t\t\t\t\t\t\t\tdata-dim=\"w:auto,auto,auto,361px;\"\n\t\t\t\t\t\t\t\tdata-frame_1=\"e:power4.inOut;st:280;sp:1500;sR:280;\"\n\t\t\t\t\t\t\t\tdata-frame_999=\"o:0;st:w;sR:7220;\"\n\t\t\t\t\t\t\t\tstyle=\"z-index:8;font-family:'Barlow Condensed';\"\n\t\t\t\t\t\t\t>A Decentralized Team, <br \/>\nExpertise Without Borders \n\t\t\t\t\t\t\t<\/rs-layer><!--\n\n\t\t\t\t\t\t\t--><rs-layer\n\t\t\t\t\t\t\t\tid=\"slider-12-slide-42-layer-1\" \n\t\t\t\t\t\t\t\tdata-type=\"shape\"\n\t\t\t\t\t\t\t\tdata-rsp_ch=\"on\"\n\t\t\t\t\t\t\t\tdata-xy=\"xo:-2842px,-2346px,-1782px,-1099px;yo:-74px,-61px,-46px,-28px;\"\n\t\t\t\t\t\t\t\tdata-text=\"w:normal;s:20,16,12,7;l:0,20,15,9;\"\n\t\t\t\t\t\t\t\tdata-dim=\"w:7007px,5786px,4396px,2712px;h:1184px,977px,1163px,756px;\"\n\t\t\t\t\t\t\t\tdata-frame_999=\"o:0;st:w;sR:8700;\"\n\t\t\t\t\t\t\t\tstyle=\"z-index:6;background-color:rgba(0,0,0,0.4);\"\n\t\t\t\t\t\t\t> \n\t\t\t\t\t\t\t<\/rs-layer><!--\n\n\t\t\t\t\t\t\t--><rs-layer\n\t\t\t\t\t\t\t\tid=\"slider-12-slide-42-layer-5\" \n\t\t\t\t\t\t\t\tdata-type=\"text\"\n\t\t\t\t\t\t\t\tdata-rsp_ch=\"on\"\n\t\t\t\t\t\t\t\tdata-xy=\"xo:80px,66px,51px,31px;yo:481px,397px,447px,389px;\"\n\t\t\t\t\t\t\t\tdata-text=\"w:normal;s:20,16,20,20;l:25,20,24,25;\"\n\t\t\t\t\t\t\t\tdata-dim=\"w:654px,540px,581px,335px;h:300px,247px,187px,140px;\"\n\t\t\t\t\t\t\t\tdata-frame_1=\"e:power4.inOut;st:620;sp:1500;sR:620;\"\n\t\t\t\t\t\t\t\tdata-frame_999=\"o:0;st:w;sR:6880;\"\n\t\t\t\t\t\t\t\tstyle=\"z-index:7;font-family:'Lato';\"\n\t\t\t\t\t\t\t>We made the strategic decision to decentralize our talent in order to deliver excellence at every stage. By mobilizing a global network of experts for unmatched plastic injection molding operations, we bring together top-tier skills in engineering, automation, and innovation. \n\t\t\t\t\t\t\t<\/rs-layer><!--\n\n\t\t\t\t\t\t\t--><rs-layer\n\t\t\t\t\t\t\t\tid=\"slider-12-slide-42-layer-6\" \n\t\t\t\t\t\t\t\tdata-type=\"shape\"\n\t\t\t\t\t\t\t\tdata-rsp_ch=\"on\"\n\t\t\t\t\t\t\t\tdata-xy=\"xo:80px,66px,50px,30px;yo:267px,220px,309px,216px;\"\n\t\t\t\t\t\t\t\tdata-text=\"w:normal;s:20,16,12,7;l:0,20,15,9;\"\n\t\t\t\t\t\t\t\tdata-dim=\"w:250px,206px,156px,96px;h:1px;\"\n\t\t\t\t\t\t\t\tdata-frame_1=\"e:power4.inOut;sp:1500;\"\n\t\t\t\t\t\t\t\tdata-frame_999=\"o:0;st:w;sR:7500;\"\n\t\t\t\t\t\t\t\tstyle=\"z-index:9;background-color:#ffffff;\"\n\t\t\t\t\t\t\t> \n\t\t\t\t\t\t\t<\/rs-layer><!--\n-->\t\t\t\t\t\t<\/rs-slide>\n\t\t\t\t\t<\/rs-slides>\n\t\t\t\t<\/rs-module>\n\t\t\t\t<script>\n\t\t\t\t\tsetREVStartSize({c: 'rev_slider_12_1',rl:[1240,1024,778,480],el:[900,768,960,720],gw:[1240,1024,778,480],gh:[900,768,960,720],type:'standard',justify:'',layout:'fullwidth',mh:\"0\"});if (window.RS_MODULES!==undefined && window.RS_MODULES.modules!==undefined && window.RS_MODULES.modules[\"revslider121\"]!==undefined) {window.RS_MODULES.modules[\"revslider121\"].once = false;window.revapi12 = undefined;if (window.RS_MODULES.checkMinimal!==undefined) window.RS_MODULES.checkMinimal()}\n\t\t\t\t<\/script>\n\t\t\t<\/rs-module-wrap>\n\t\t\t<!-- END REVOLUTION SLIDER -->\n[\/vc_column][\/vc_row][vc_row css_animation=&#8221;&#8221; row_type=&#8221;row&#8221; use_row_as_full_screen_section=&#8221;yes&#8221; type=&#8221;grid&#8221; angled_section=&#8221;no&#8221; text_align=&#8221;left&#8221; background_image_as_pattern=&#8221;without_pattern&#8221; z_index=&#8221;&#8221;][vc_column][vc_separator type=&#8221;small&#8221; position=&#8221;left&#8221; up=&#8221;20&#8243; down=&#8221;20&#8243;][vc_column_text]<\/p>\n<h2>Innovations<\/h2>\n<p>[\/vc_column_text][vc_empty_space height=&#8221;10px&#8221;][vc_column_text css=&#8221;&#8221;]<\/p>\n<h3>Innovation at the Core of Our DNA<\/h3>\n<p>[\/vc_column_text][vc_empty_space height=&#8221;16px&#8221;][vc_column_text css=&#8221;&#8221;]At Alterna, innovation is the driving force behind our excellence. It permeates every aspect of our operations \u2014 from our architecture optimized for large-scale production, to our nearly autonomous factory, and our cutting-edge approach to intelligent and collaborative robotics.[\/vc_column_text][vc_empty_space][vc_row_inner row_type=&#8221;row&#8221; type=&#8221;full_width&#8221; text_align=&#8221;left&#8221; css_animation=&#8221;&#8221;][vc_column_inner width=&#8221;1\/3&#8243;]<div class='image_hover ' style='' data-transition-delay=''><div class='images_holder'><a itemprop='url' href='https:\/\/alterna-l6s.com\/en\/a-unique-business-model-in-canada\/' target='_self'><img itemprop='image' class='active_image ' src='https:\/\/alterna-l6s.com\/wp-content\/uploads\/2025\/04\/alterna_acc-unique-business-model-canada_1200x800.jpg' alt='' style='' \/><img itemprop='image' class='hover_image' src='https:\/\/alterna-l6s.com\/wp-content\/uploads\/2025\/03\/alterna_innovation-modele-affaire-canada-hover_1200x800.jpg' alt='' style='' \/><\/a><\/div><\/div>[vc_empty_space][\/vc_column_inner][vc_column_inner width=&#8221;1\/3&#8243;]<div class='image_hover ' style='' data-transition-delay=''><div class='images_holder'><a itemprop='url' href='https:\/\/alterna-l6s.com\/en\/a-nearly-autonomous-factory\/' target='_self'><img itemprop='image' class='active_image ' src='https:\/\/alterna-l6s.com\/wp-content\/uploads\/2025\/04\/alterna_acc-nearly-autonomous-factory_1200x800.jpg' alt='' style='' \/><img itemprop='image' class='hover_image' src='https:\/\/alterna-l6s.com\/wp-content\/uploads\/2025\/03\/alterna_innovation-usine-quasi-autonome-hover_1200x800-1.jpg' alt='' style='' \/><\/a><\/div><\/div>[vc_empty_space][\/vc_column_inner][vc_column_inner width=&#8221;1\/3&#8243;]<div class='image_hover ' style='' data-transition-delay=''><div class='images_holder'><a itemprop='url' href='https:\/\/alterna-l6s.com\/en\/intelligent-and-collaborative-robots\/' target='_self'><img itemprop='image' class='active_image ' src='https:\/\/alterna-l6s.com\/wp-content\/uploads\/2025\/04\/alterna_acc-intelligent-collaborative-robots_1200x800.jpg' alt='' style='' \/><img itemprop='image' class='hover_image' src='https:\/\/alterna-l6s.com\/wp-content\/uploads\/2025\/03\/alterna_innovation-robot-intelligent-hover_1200x800-1.jpg' alt='' style='' \/><\/a><\/div><\/div>[vc_empty_space][\/vc_column_inner][\/vc_row_inner][vc_row_inner row_type=&#8221;row&#8221; type=&#8221;full_width&#8221; text_align=&#8221;left&#8221; css_animation=&#8221;&#8221;][vc_column_inner width=&#8221;1\/3&#8243;]<div class='image_hover ' style='' data-transition-delay=''><div class='images_holder'><a itemprop='url' href='https:\/\/alterna-l6s.com\/en\/a-decentralized-team\/' target='_self'><img itemprop='image' class='active_image ' src='https:\/\/alterna-l6s.com\/wp-content\/uploads\/2025\/04\/alterna_acc-decentralized-team_1200x800.jpg' alt='' style='' \/><img itemprop='image' class='hover_image' src='https:\/\/alterna-l6s.com\/wp-content\/uploads\/2025\/03\/alterna_innovation-equipe-decentralise-hover_1200x800.jpg' alt='' style='' \/><\/a><\/div><\/div>[vc_empty_space][\/vc_column_inner][vc_column_inner width=&#8221;1\/3&#8243;]<div class='image_hover ' style='' data-transition-delay=''><div class='images_holder'><a itemprop='url' href='https:\/\/alterna-l6s.com\/en\/cost-reduction-programs-for-your-plastic-products\/' target='_self'><img itemprop='image' class='active_image ' src='https:\/\/alterna-l6s.com\/wp-content\/uploads\/2025\/04\/alterna_acc-cost-reduction-programs-plastic-products_1200x800.jpg' alt='' style='' \/><img itemprop='image' class='hover_image' src='https:\/\/alterna-l6s.com\/wp-content\/uploads\/2025\/03\/alterna_innovation-programmes-reduction-couts-plastique-hover_1200x800-1.jpg' alt='' style='' \/><\/a><\/div><\/div>[vc_empty_space][\/vc_column_inner][vc_column_inner width=&#8221;1\/3&#8243;]<div class='image_hover ' style='' data-transition-delay=''><div class='images_holder'><a itemprop='url' href='https:\/\/alterna-l6s.com\/en\/a-shift-toward-ai-and-factory-5-0\/' target='_self'><img itemprop='image' class='active_image ' src='https:\/\/alterna-l6s.com\/wp-content\/uploads\/2025\/04\/alterna_acc-shift-towards-ai-factory_1200x800.jpg' alt='' style='' \/><img itemprop='image' class='hover_image' src='https:\/\/alterna-l6s.com\/wp-content\/uploads\/2025\/04\/alterna_acc-shift-towards-ai-factory-hover_1200x800.jpg' alt='' style='' \/><\/a><\/div><\/div>[vc_empty_space][\/vc_column_inner][\/vc_row_inner][\/vc_column][\/vc_row][vc_row css_animation=&#8221;&#8221; row_type=&#8221;row&#8221; use_row_as_full_screen_section=&#8221;yes&#8221; type=&#8221;grid&#8221; angled_section=&#8221;no&#8221; text_align=&#8221;left&#8221; background_image_as_pattern=&#8221;without_pattern&#8221; z_index=&#8221;&#8221;][vc_column][vc_separator type=&#8221;small&#8221; position=&#8221;left&#8221; up=&#8221;20&#8243; down=&#8221;20&#8243;][vc_column_text css=&#8221;&#8221;]<\/p>\n<h2>Your competitive advantages<\/h2>\n<p>[\/vc_column_text][vc_empty_space height=&#8221;16px&#8221;][vc_column_text css=&#8221;&#8221;]Your competitive advantages are built on product and mold designs engineered according to the highest industry standards. Once implemented on our highly automated production lines\u2014for molding, processing, and quality control\u2014you will achieve exceptional competitiveness.[\/vc_column_text][vc_empty_space height=&#8221;50px&#8221;][vc_row_inner row_type=&#8221;row&#8221; type=&#8221;full_width&#8221; text_align=&#8221;left&#8221; css_animation=&#8221;&#8221;][vc_column_inner width=&#8221;1\/2&#8243;]<div class='image_hover ' style='' data-transition-delay=''><div class='images_holder'><a itemprop='url' href='https:\/\/alterna-l6s.com\/en\/sectors-of-activity\/' target='_self'><img itemprop='image' class='active_image ' src='https:\/\/alterna-l6s.com\/wp-content\/uploads\/2025\/04\/alterna_sector-of-activity_1200x500.jpg' alt='' style='' \/><img itemprop='image' class='hover_image' src='https:\/\/alterna-l6s.com\/wp-content\/uploads\/2025\/03\/alterna_secteurs-activites-hover_1200x500.jpg' alt='' style='' \/><\/a><\/div><\/div>[vc_empty_space][\/vc_column_inner][vc_column_inner width=&#8221;1\/2&#8243;]<div class='image_hover ' style='' data-transition-delay=''><div class='images_holder'><a itemprop='url' href='https:\/\/alterna-l6s.com\/en\/expertise\/' target='_self'><img itemprop='image' class='active_image ' src='https:\/\/alterna-l6s.com\/wp-content\/uploads\/2025\/04\/alterna_expertise_1200x500.jpg' alt='' style='' \/><img itemprop='image' class='hover_image' src='https:\/\/alterna-l6s.com\/wp-content\/uploads\/2025\/03\/alterna_expertises-hover_1200x500-2.jpg' alt='' style='' \/><\/a><\/div><\/div>[vc_empty_space][\/vc_column_inner][\/vc_row_inner][\/vc_column][\/vc_row]<\/p>\n<\/div>","protected":false},"excerpt":{"rendered":"<p>[vc_row css_animation=&#8221;&#8221; row_type=&#8221;row&#8221; use_row_as_full_screen_section=&#8221;yes&#8221; type=&#8221;grid&#8221; angled_section=&#8221;no&#8221; text_align=&#8221;left&#8221; background_image_as_pattern=&#8221;without_pattern&#8221; z_index=&#8221;&#8221;][vc_column][\/vc_column][\/vc_row][vc_row css_animation=&#8221;&#8221; row_type=&#8221;row&#8221; use_row_as_full_screen_section=&#8221;yes&#8221; type=&#8221;grid&#8221; angled_section=&#8221;no&#8221; text_align=&#8221;left&#8221; background_image_as_pattern=&#8221;without_pattern&#8221; z_index=&#8221;&#8221;][vc_column][vc_separator type=&#8221;small&#8221; position=&#8221;left&#8221; up=&#8221;20&#8243; down=&#8221;20&#8243;][vc_column_text] Innovations [\/vc_column_text][vc_empty_space height=&#8221;10px&#8221;][vc_column_text css=&#8221;&#8221;] Innovation at the Core of Our DNA [\/vc_column_text][vc_empty_space height=&#8221;16px&#8221;][vc_column_text css=&#8221;&#8221;]At Alterna, innovation is the driving force behind our excellence. It&#8230;<\/p>\n","protected":false},"author":1,"featured_media":17547,"parent":0,"menu_order":0,"comment_status":"closed","ping_status":"closed","template":"full_screen.php","meta":{"_monsterinsights_skip_tracking":false,"_monsterinsights_sitenote_active":false,"_monsterinsights_sitenote_note":"","_monsterinsights_sitenote_category":0,"footnotes":""},"class_list":["post-17689","page","type-page","status-publish","has-post-thumbnail","hentry"],"yoast_head":"<!-- This site is optimized with the Yoast SEO plugin v24.9 - https:\/\/yoast.com\/wordpress\/plugins\/seo\/ -->\n<title>A Decentralized Team - Alterna<\/title>\n<meta name=\"description\" content=\"By mobilizing a global network of experts, we bring together top-tier skills in engineering, automation, and innovation.\" \/>\n<meta name=\"robots\" content=\"index, follow, max-snippet:-1, max-image-preview:large, max-video-preview:-1\" \/>\n<link rel=\"canonical\" href=\"https:\/\/alterna-l6s.com\/en\/a-decentralized-team\/\" \/>\n<meta property=\"og:locale\" content=\"en_US\" \/>\n<meta property=\"og:type\" content=\"article\" \/>\n<meta property=\"og:title\" content=\"A Decentralized Team - Alterna\" \/>\n<meta property=\"og:description\" content=\"By mobilizing a global network of experts, we bring together top-tier skills in engineering, automation, and innovation.\" \/>\n<meta property=\"og:url\" content=\"https:\/\/alterna-l6s.com\/en\/a-decentralized-team\/\" \/>\n<meta property=\"og:site_name\" content=\"Alterna\" \/>\n<meta property=\"article:modified_time\" content=\"2025-04-24T20:02:35+00:00\" \/>\n<meta property=\"og:image\" content=\"https:\/\/alterna-l6s.com\/wp-content\/uploads\/2025\/03\/alterna_innovation-equipe-decentralise-hover_1200x800.jpg\" \/>\n\t<meta property=\"og:image:width\" content=\"1200\" \/>\n\t<meta property=\"og:image:height\" content=\"800\" \/>\n\t<meta property=\"og:image:type\" content=\"image\/jpeg\" \/>\n<meta name=\"twitter:card\" content=\"summary_large_image\" \/>\n<meta name=\"twitter:label1\" content=\"Est. reading time\" \/>\n\t<meta name=\"twitter:data1\" content=\"2 minutes\" \/>\n<script type=\"application\/ld+json\" class=\"yoast-schema-graph\">{\"@context\":\"https:\/\/schema.org\",\"@graph\":[{\"@type\":\"WebPage\",\"@id\":\"https:\/\/alterna-l6s.com\/en\/a-decentralized-team\/\",\"url\":\"https:\/\/alterna-l6s.com\/en\/a-decentralized-team\/\",\"name\":\"A Decentralized Team - Alterna\",\"isPartOf\":{\"@id\":\"https:\/\/alterna-l6s.com\/en\/#website\"},\"primaryImageOfPage\":{\"@id\":\"https:\/\/alterna-l6s.com\/en\/a-decentralized-team\/#primaryimage\"},\"image\":{\"@id\":\"https:\/\/alterna-l6s.com\/en\/a-decentralized-team\/#primaryimage\"},\"thumbnailUrl\":\"https:\/\/alterna-l6s.com\/wp-content\/uploads\/2025\/03\/alterna_menu-equipe-decentralisee_400x400.jpg\",\"datePublished\":\"2025-03-03T18:37:37+00:00\",\"dateModified\":\"2025-04-24T20:02:35+00:00\",\"description\":\"By mobilizing a global network of experts, we bring together top-tier skills in engineering, automation, and innovation.\",\"breadcrumb\":{\"@id\":\"https:\/\/alterna-l6s.com\/en\/a-decentralized-team\/#breadcrumb\"},\"inLanguage\":\"en-US\",\"potentialAction\":[{\"@type\":\"ReadAction\",\"target\":[\"https:\/\/alterna-l6s.com\/en\/a-decentralized-team\/\"]}]},{\"@type\":\"ImageObject\",\"inLanguage\":\"en-US\",\"@id\":\"https:\/\/alterna-l6s.com\/en\/a-decentralized-team\/#primaryimage\",\"url\":\"https:\/\/alterna-l6s.com\/wp-content\/uploads\/2025\/03\/alterna_menu-equipe-decentralisee_400x400.jpg\",\"contentUrl\":\"https:\/\/alterna-l6s.com\/wp-content\/uploads\/2025\/03\/alterna_menu-equipe-decentralisee_400x400.jpg\",\"width\":400,\"height\":400,\"caption\":\"Innovations - A decentralized Team\"},{\"@type\":\"BreadcrumbList\",\"@id\":\"https:\/\/alterna-l6s.com\/en\/a-decentralized-team\/#breadcrumb\",\"itemListElement\":[{\"@type\":\"ListItem\",\"position\":1,\"name\":\"Accueil\",\"item\":\"https:\/\/alterna-l6s.com\/en\/\"},{\"@type\":\"ListItem\",\"position\":2,\"name\":\"A Decentralized Team\"}]},{\"@type\":\"WebSite\",\"@id\":\"https:\/\/alterna-l6s.com\/en\/#website\",\"url\":\"https:\/\/alterna-l6s.com\/en\/\",\"name\":\"Alterna\",\"description\":\"\",\"potentialAction\":[{\"@type\":\"SearchAction\",\"target\":{\"@type\":\"EntryPoint\",\"urlTemplate\":\"https:\/\/alterna-l6s.com\/en\/?s={search_term_string}\"},\"query-input\":{\"@type\":\"PropertyValueSpecification\",\"valueRequired\":true,\"valueName\":\"search_term_string\"}}],\"inLanguage\":\"en-US\"}]}<\/script>\n<!-- \/ Yoast SEO plugin. -->","yoast_head_json":{"title":"A Decentralized Team - Alterna","description":"By mobilizing a global network of experts, we bring together top-tier skills in engineering, automation, and innovation.","robots":{"index":"index","follow":"follow","max-snippet":"max-snippet:-1","max-image-preview":"max-image-preview:large","max-video-preview":"max-video-preview:-1"},"canonical":"https:\/\/alterna-l6s.com\/en\/a-decentralized-team\/","og_locale":"en_US","og_type":"article","og_title":"A Decentralized Team - Alterna","og_description":"By mobilizing a global network of experts, we bring together top-tier skills in engineering, automation, and innovation.","og_url":"https:\/\/alterna-l6s.com\/en\/a-decentralized-team\/","og_site_name":"Alterna","article_modified_time":"2025-04-24T20:02:35+00:00","og_image":[{"width":1200,"height":800,"url":"https:\/\/alterna-l6s.com\/wp-content\/uploads\/2025\/03\/alterna_innovation-equipe-decentralise-hover_1200x800.jpg","type":"image\/jpeg"}],"twitter_card":"summary_large_image","twitter_misc":{"Est. reading time":"2 minutes"},"schema":{"@context":"https:\/\/schema.org","@graph":[{"@type":"WebPage","@id":"https:\/\/alterna-l6s.com\/en\/a-decentralized-team\/","url":"https:\/\/alterna-l6s.com\/en\/a-decentralized-team\/","name":"A Decentralized Team - Alterna","isPartOf":{"@id":"https:\/\/alterna-l6s.com\/en\/#website"},"primaryImageOfPage":{"@id":"https:\/\/alterna-l6s.com\/en\/a-decentralized-team\/#primaryimage"},"image":{"@id":"https:\/\/alterna-l6s.com\/en\/a-decentralized-team\/#primaryimage"},"thumbnailUrl":"https:\/\/alterna-l6s.com\/wp-content\/uploads\/2025\/03\/alterna_menu-equipe-decentralisee_400x400.jpg","datePublished":"2025-03-03T18:37:37+00:00","dateModified":"2025-04-24T20:02:35+00:00","description":"By mobilizing a global network of experts, we bring together top-tier skills in engineering, automation, and innovation.","breadcrumb":{"@id":"https:\/\/alterna-l6s.com\/en\/a-decentralized-team\/#breadcrumb"},"inLanguage":"en-US","potentialAction":[{"@type":"ReadAction","target":["https:\/\/alterna-l6s.com\/en\/a-decentralized-team\/"]}]},{"@type":"ImageObject","inLanguage":"en-US","@id":"https:\/\/alterna-l6s.com\/en\/a-decentralized-team\/#primaryimage","url":"https:\/\/alterna-l6s.com\/wp-content\/uploads\/2025\/03\/alterna_menu-equipe-decentralisee_400x400.jpg","contentUrl":"https:\/\/alterna-l6s.com\/wp-content\/uploads\/2025\/03\/alterna_menu-equipe-decentralisee_400x400.jpg","width":400,"height":400,"caption":"Innovations - A decentralized Team"},{"@type":"BreadcrumbList","@id":"https:\/\/alterna-l6s.com\/en\/a-decentralized-team\/#breadcrumb","itemListElement":[{"@type":"ListItem","position":1,"name":"Accueil","item":"https:\/\/alterna-l6s.com\/en\/"},{"@type":"ListItem","position":2,"name":"A Decentralized Team"}]},{"@type":"WebSite","@id":"https:\/\/alterna-l6s.com\/en\/#website","url":"https:\/\/alterna-l6s.com\/en\/","name":"Alterna","description":"","potentialAction":[{"@type":"SearchAction","target":{"@type":"EntryPoint","urlTemplate":"https:\/\/alterna-l6s.com\/en\/?s={search_term_string}"},"query-input":{"@type":"PropertyValueSpecification","valueRequired":true,"valueName":"search_term_string"}}],"inLanguage":"en-US"}]}},"_links":{"self":[{"href":"https:\/\/alterna-l6s.com\/en\/wp-json\/wp\/v2\/pages\/17689","targetHints":{"allow":["GET"]}}],"collection":[{"href":"https:\/\/alterna-l6s.com\/en\/wp-json\/wp\/v2\/pages"}],"about":[{"href":"https:\/\/alterna-l6s.com\/en\/wp-json\/wp\/v2\/types\/page"}],"author":[{"embeddable":true,"href":"https:\/\/alterna-l6s.com\/en\/wp-json\/wp\/v2\/users\/1"}],"replies":[{"embeddable":true,"href":"https:\/\/alterna-l6s.com\/en\/wp-json\/wp\/v2\/comments?post=17689"}],"version-history":[{"count":3,"href":"https:\/\/alterna-l6s.com\/en\/wp-json\/wp\/v2\/pages\/17689\/revisions"}],"predecessor-version":[{"id":17776,"href":"https:\/\/alterna-l6s.com\/en\/wp-json\/wp\/v2\/pages\/17689\/revisions\/17776"}],"wp:featuredmedia":[{"embeddable":true,"href":"https:\/\/alterna-l6s.com\/en\/wp-json\/wp\/v2\/media\/17547"}],"wp:attachment":[{"href":"https:\/\/alterna-l6s.com\/en\/wp-json\/wp\/v2\/media?parent=17689"}],"curies":[{"name":"wp","href":"https:\/\/api.w.org\/{rel}","templated":true}]}}